{"id":1136,"date":"2024-10-12T17:16:46","date_gmt":"2024-10-12T17:16:46","guid":{"rendered":"https:\/\/ats-valves.eu\/?post_type=product&#038;p=1136"},"modified":"2025-03-24T12:05:38","modified_gmt":"2025-03-24T11:05:38","slug":"masoneilan-8012-8013-series","status":"publish","type":"product","link":"https:\/\/ats-valves.eu\/hr\/product\/masoneilan37002-serije-minitork-ii-kontrolni-ventil\/","title":{"rendered":"Masoneilan serije 8012\/8013"},"content":{"rendered":"<p>Masoneilan pozicioneri serije 8012 i 8013 su elektro-pneumatski ure\u0111aji za ravnote\u017eu sile koji posti\u017eu izvanredan dinami\u010dki odziv i preciznost pozicioniranja izravnom usporedbom polo\u017eaja ventila s kontroliranim istosmjernim izlaznim signalom. Jedna zakretna kulisa s vi\u0161e podru\u010dja omogu\u0107uje odabir linearne ili jednakopostotne karakteristike na mjestu ugradnje, bez potrebe za dodatnim komponentama.<\/p>\n\n\n\n<p>Ovaj pozicioner nudi se u dvije vrste djelovanja: izravno djelovanje, gdje pove\u0107anje elektri\u010dnog signala dovodi do pove\u0107anja izlaznog tlaka, i obrnuto djelovanje, gdje pove\u0107anje elektri\u010dnog signala dovodi do smanjenja izlaznog tlaka. Nadalje, pozicioner olak\u0161ava precizno raspore\u0111ivanje izlaznog signala regulatora, omogu\u0107avaju\u0107i sekvencijalni rad dvaju regulacijskih ventila pomo\u0107u jednog regulatora.<\/p>","protected":false},"featured_media":1178,"parent":0,"template":"","meta":{"_acf_changed":true},"product-category":[33],"class_list":["post-1136","product","type-product","status-publish","has-post-thumbnail","hentry","product-category-positioners-and-equipment-for-control-valves"],"acf":[],"_links":{"self":[{"href":"https:\/\/ats-valves.eu\/hr\/wp-json\/wp\/v2\/product\/1136","targetHints":{"allow":["GET"]}}],"collection":[{"href":"https:\/\/ats-valves.eu\/hr\/wp-json\/wp\/v2\/product"}],"about":[{"href":"https:\/\/ats-valves.eu\/hr\/wp-json\/wp\/v2\/types\/product"}],"wp:featuredmedia":[{"embeddable":true,"href":"https:\/\/ats-valves.eu\/hr\/wp-json\/wp\/v2\/media\/1178"}],"wp:attachment":[{"href":"https:\/\/ats-valves.eu\/hr\/wp-json\/wp\/v2\/media?parent=1136"}],"wp:term":[{"taxonomy":"product-category","embeddable":true,"href":"https:\/\/ats-valves.eu\/hr\/wp-json\/wp\/v2\/product-category?post=1136"}],"curies":[{"name":"wp","href":"https:\/\/api.w.org\/{rel}","templated":true}]}}