{"id":1179,"date":"2024-10-12T18:42:41","date_gmt":"2024-10-12T18:42:41","guid":{"rendered":"https:\/\/ats-valves.eu\/?post_type=product&#038;p=1179"},"modified":"2025-03-24T11:44:38","modified_gmt":"2025-03-24T10:44:38","slug":"masoneilan-4700-4800","status":"publish","type":"product","link":"https:\/\/ats-valves.eu\/hr\/product\/masoneilanmodeli-4700p-4700e-4800p-4800e\/","title":{"rendered":"Masoneilan 4700\/4800 pozicioneri otporni na koroziju"},"content":{"rendered":"<p>Masoneilan modeli 4700\/4800 E (elektropneumatski) i 4700\/4800 P (pneumatski) pouzdani su pozicioneri koje je razvio Baker Hughes, dizajnirani za pru\u017eanje preciznog pozicioniranja, brzog odgovora i prilago\u0111enih upravlja\u010dkih karakteristika za regulacijske ventile kori\u0161tenjem precizne povratne osovine.<\/p>\n\n\n\n<p>Ovi pozicioneri se koriste i na rotacijskim i na linearnim aktuatorima. Kod rotacijskih aktuatora ulazna osovina je direktno povezana sa vratilom ventila, dok se kod linearnih aktuatora za povezivanje koristi robusni sklop poluga i zateza\u010da.<\/p>","protected":false},"featured_media":708,"parent":0,"template":"","meta":{"_acf_changed":true},"product-category":[33],"class_list":["post-1179","product","type-product","status-publish","has-post-thumbnail","hentry","product-category-positioners-and-equipment-for-control-valves"],"acf":[],"_links":{"self":[{"href":"https:\/\/ats-valves.eu\/hr\/wp-json\/wp\/v2\/product\/1179","targetHints":{"allow":["GET"]}}],"collection":[{"href":"https:\/\/ats-valves.eu\/hr\/wp-json\/wp\/v2\/product"}],"about":[{"href":"https:\/\/ats-valves.eu\/hr\/wp-json\/wp\/v2\/types\/product"}],"wp:featuredmedia":[{"embeddable":true,"href":"https:\/\/ats-valves.eu\/hr\/wp-json\/wp\/v2\/media\/708"}],"wp:attachment":[{"href":"https:\/\/ats-valves.eu\/hr\/wp-json\/wp\/v2\/media?parent=1179"}],"wp:term":[{"taxonomy":"product-category","embeddable":true,"href":"https:\/\/ats-valves.eu\/hr\/wp-json\/wp\/v2\/product-category?post=1179"}],"curies":[{"name":"wp","href":"https:\/\/api.w.org\/{rel}","templated":true}]}}