{"id":1180,"date":"2024-10-12T18:47:15","date_gmt":"2024-10-12T18:47:15","guid":{"rendered":"https:\/\/ats-valves.eu\/?post_type=product&#038;p=1180"},"modified":"2025-03-13T13:59:59","modified_gmt":"2025-03-13T12:59:59","slug":"masoneilan-model-4411","status":"publish","type":"product","link":"https:\/\/ats-valves.eu\/hr\/product\/masoneilan-model-4411\/","title":{"rendered":"Masoneilan model 4411"},"content":{"rendered":"<p>Masoneilan Model 4411 pretvara\u010d namijenjen je uporabi s pneumatskim pozicionerima u primjenama s problemima temperature ili vibracija za instrumente montirane na ventil.<\/p>\n\n\n\n<p>Ovi pretvara\u010di slu\u017ee kao precizni elektroni\u010dki regulatori tlaka posebno projektirani za aplikacije kontinuirane kontrole procesa. Oni funkcioniraju unutar sustava zatvorene petlje koji integrira senzor povratne sprege, \u010dime se osigurava dugoro\u010dna stabilnost i performanse visoke to\u010dnosti. U slu\u010daju kvara struje u petlji, sustav je dizajniran da radi na &#039;siguran&#039; na\u010din, \u0161to rezultira smanjenjem izlaza na niski tlak.<\/p>","protected":false},"featured_media":1181,"parent":0,"template":"","meta":{"_acf_changed":true},"product-category":[33],"class_list":["post-1180","product","type-product","status-publish","has-post-thumbnail","hentry","product-category-positioners-and-equipment-for-control-valves"],"acf":[],"_links":{"self":[{"href":"https:\/\/ats-valves.eu\/hr\/wp-json\/wp\/v2\/product\/1180","targetHints":{"allow":["GET"]}}],"collection":[{"href":"https:\/\/ats-valves.eu\/hr\/wp-json\/wp\/v2\/product"}],"about":[{"href":"https:\/\/ats-valves.eu\/hr\/wp-json\/wp\/v2\/types\/product"}],"wp:featuredmedia":[{"embeddable":true,"href":"https:\/\/ats-valves.eu\/hr\/wp-json\/wp\/v2\/media\/1181"}],"wp:attachment":[{"href":"https:\/\/ats-valves.eu\/hr\/wp-json\/wp\/v2\/media?parent=1180"}],"wp:term":[{"taxonomy":"product-category","embeddable":true,"href":"https:\/\/ats-valves.eu\/hr\/wp-json\/wp\/v2\/product-category?post=1180"}],"curies":[{"name":"wp","href":"https:\/\/api.w.org\/{rel}","templated":true}]}}