{"id":1182,"date":"2024-10-12T18:51:00","date_gmt":"2024-10-12T18:51:00","guid":{"rendered":"https:\/\/ats-valves.eu\/?post_type=product&#038;p=1182"},"modified":"2025-03-13T14:17:34","modified_gmt":"2025-03-13T13:17:34","slug":"masoneilan-496-series","status":"publish","type":"product","link":"https:\/\/ats-valves.eu\/hr\/product\/serija-masoneilan496\/","title":{"rendered":"Masoneilan 496 Series"},"content":{"rendered":"<p>Prekida\u010di serije Masoneilan 496 mogu se konfigurirati kao elektro-mehani\u010dki prekida\u010di, prekida\u010di blizine ili opto-elektroni\u010dki oda\u0161ilja\u010di polo\u017eaja.<\/p>\n\n\n\n<p>Instrument serije 496 je beskontaktni opto-elektroni\u010dki oda\u0161ilja\u010d pozicionera koji isporu\u010duje analogni izlazni signal od 4-20 mA koji odgovara polo\u017eaju ventila. Ovaj ure\u0111aj je prikladan za ugradnju na rotacijske i klipne ventile. Optoelektroni\u010dki senzor funkcionira sli\u010dno konvencionalnom potenciometru, s tim da je njegov izlazni napon izravno povezan s rotacijom njegove osi.<\/p>","protected":false},"featured_media":1183,"parent":0,"template":"","meta":{"_acf_changed":true},"product-category":[33],"class_list":["post-1182","product","type-product","status-publish","has-post-thumbnail","hentry","product-category-positioners-and-equipment-for-control-valves"],"acf":[],"_links":{"self":[{"href":"https:\/\/ats-valves.eu\/hr\/wp-json\/wp\/v2\/product\/1182","targetHints":{"allow":["GET"]}}],"collection":[{"href":"https:\/\/ats-valves.eu\/hr\/wp-json\/wp\/v2\/product"}],"about":[{"href":"https:\/\/ats-valves.eu\/hr\/wp-json\/wp\/v2\/types\/product"}],"wp:featuredmedia":[{"embeddable":true,"href":"https:\/\/ats-valves.eu\/hr\/wp-json\/wp\/v2\/media\/1183"}],"wp:attachment":[{"href":"https:\/\/ats-valves.eu\/hr\/wp-json\/wp\/v2\/media?parent=1182"}],"wp:term":[{"taxonomy":"product-category","embeddable":true,"href":"https:\/\/ats-valves.eu\/hr\/wp-json\/wp\/v2\/product-category?post=1182"}],"curies":[{"name":"wp","href":"https:\/\/api.w.org\/{rel}","templated":true}]}}