{"id":1184,"date":"2024-10-12T18:54:00","date_gmt":"2024-10-12T18:54:00","guid":{"rendered":"https:\/\/ats-valves.eu\/?post_type=product&#038;p=1184"},"modified":"2025-03-24T12:07:18","modified_gmt":"2025-03-24T11:07:18","slug":"masoneilan-models-78-4-78-40","status":"publish","type":"product","link":"https:\/\/ats-valves.eu\/hr\/product\/masoneilanmodeli-78-4-78-40\/","title":{"rendered":"Masoneilan Models 78-4 &amp; 78-40"},"content":{"rendered":"<p>Masoneilan regulatori tlaka serije 78-4 i 78-40 dizajnirani su kao kompaktni, lagani i visokou\u010dinkoviti ventili za smanjenje tlaka. Njihova primarna primjena je osigurati konzistentan dovod zraka u opremu za kontrolu procesa, uklju\u010duju\u0107i pneumatske pretvara\u010de i pozicionere regulacijskih ventila.<\/p>\n\n\n\n<p><strong>Prednosti&nbsp;<\/strong><\/p>\n\n\n\n<ul class=\"wp-block-list\">\n<li>Izvanredna kontrola tlaka.&nbsp;<\/li>\n\n\n\n<li>Vijak za zaklju\u010davanje jam\u010di da izlazni tlak ostaje na navedenoj razini.&nbsp;<\/li>\n\n\n\n<li>Dva priklju\u010dka za mjera\u010de tlaka olak\u0161avaju instalaciju s obje strane, nude\u0107i fleksibilnost u opcijama monta\u017ee.&nbsp;<\/li>\n\n\n\n<li>Glavni ventil ima \u010dep s mekim sjedi\u0161tem koji osigurava pouzdano zatvaranje.&nbsp;<\/li>\n\n\n\n<li>Filtri od sinteriranog polietilena daju ocjenu filtracije od 5 mikrona.&nbsp;<\/li>\n\n\n\n<li>Zavr\u0161na obrada otporna na koroziju i sastavne komponente od nehr\u0111aju\u0107eg \u010delika omogu\u0107uju upotrebu u te\u0161kim uvjetima.&nbsp;<\/li>\n<\/ul>","protected":false},"featured_media":1185,"parent":0,"template":"","meta":{"_acf_changed":true},"product-category":[33],"class_list":["post-1184","product","type-product","status-publish","has-post-thumbnail","hentry","product-category-positioners-and-equipment-for-control-valves"],"acf":[],"_links":{"self":[{"href":"https:\/\/ats-valves.eu\/hr\/wp-json\/wp\/v2\/product\/1184","targetHints":{"allow":["GET"]}}],"collection":[{"href":"https:\/\/ats-valves.eu\/hr\/wp-json\/wp\/v2\/product"}],"about":[{"href":"https:\/\/ats-valves.eu\/hr\/wp-json\/wp\/v2\/types\/product"}],"wp:featuredmedia":[{"embeddable":true,"href":"https:\/\/ats-valves.eu\/hr\/wp-json\/wp\/v2\/media\/1185"}],"wp:attachment":[{"href":"https:\/\/ats-valves.eu\/hr\/wp-json\/wp\/v2\/media?parent=1184"}],"wp:term":[{"taxonomy":"product-category","embeddable":true,"href":"https:\/\/ats-valves.eu\/hr\/wp-json\/wp\/v2\/product-category?post=1184"}],"curies":[{"name":"wp","href":"https:\/\/api.w.org\/{rel}","templated":true}]}}