{"id":1636,"date":"2025-01-13T09:55:19","date_gmt":"2025-01-13T09:55:19","guid":{"rendered":"https:\/\/ats-valves.eu\/?post_type=product&#038;p=1636"},"modified":"2025-03-20T11:12:43","modified_gmt":"2025-03-20T10:12:43","slug":"consolidated-safety-valves","status":"publish","type":"product","link":"https:\/\/ats-valves.eu\/hr\/product\/konsolidirani-sigurnosni-ventili-2\/","title":{"rendered":"Consolidated sigurnosni ventili"},"content":{"rendered":"<p>Consolidated sigurnosni ventili dizajnirani su u skladu s ASME Odjeljak I kodom za primjene u kotlovima. Ovi ventili uklju\u010duju brojna rje\u0161enja koja ispunjavaju ASME standarde za teku\u0107ine stla\u010dive parom. Sigurnosni ventili Baker Hughes Consolidated prepoznati su po svojoj izvanrednoj kvaliteti, performansama i pouzdanosti. Klju\u010dno je da zadr\u017ee svoju pouzdanost \u010dak i u najizazovnijim scenarijima.<\/p>","protected":false},"featured_media":1618,"parent":0,"template":"","meta":{"_acf_changed":true},"product-category":[54],"class_list":["post-1636","product","type-product","status-publish","has-post-thumbnail","hentry","product-category-consolidated-safety-valves"],"acf":[],"_links":{"self":[{"href":"https:\/\/ats-valves.eu\/hr\/wp-json\/wp\/v2\/product\/1636","targetHints":{"allow":["GET"]}}],"collection":[{"href":"https:\/\/ats-valves.eu\/hr\/wp-json\/wp\/v2\/product"}],"about":[{"href":"https:\/\/ats-valves.eu\/hr\/wp-json\/wp\/v2\/types\/product"}],"wp:featuredmedia":[{"embeddable":true,"href":"https:\/\/ats-valves.eu\/hr\/wp-json\/wp\/v2\/media\/1618"}],"wp:attachment":[{"href":"https:\/\/ats-valves.eu\/hr\/wp-json\/wp\/v2\/media?parent=1636"}],"wp:term":[{"taxonomy":"product-category","embeddable":true,"href":"https:\/\/ats-valves.eu\/hr\/wp-json\/wp\/v2\/product-category?post=1636"}],"curies":[{"name":"wp","href":"https:\/\/api.w.org\/{rel}","templated":true}]}}