{"id":1639,"date":"2025-01-13T09:57:32","date_gmt":"2025-01-13T09:57:32","guid":{"rendered":"https:\/\/ats-valves.eu\/?post_type=product&#038;p=1639"},"modified":"2025-03-24T12:10:44","modified_gmt":"2025-03-24T11:10:44","slug":"consolidated-pilot-operated-safety-relief-valves","status":"publish","type":"product","link":"https:\/\/ats-valves.eu\/hr\/product\/konsolidirani-pilot-upravljani-sigurnosni-ventili\/","title":{"rendered":"Consolidated sigurnosni ventili upravljani pilot ventilima"},"content":{"rendered":"<p>Consolidated sigurnosni ventili upravljani pilot ventilima (POSRV) pru\u017eaju sigurnost, pouzdanost i u\u010dinkovitost potrebnu za osiguranje besprijekornog rada. Ovi ventili daju iznimne performanse zajedno s nizom tehni\u010dkih prednosti i operativnih prednosti u usporedbi s konvencionalnim ure\u0111ajima za smanjenje tlaka. Njihov kompaktni dizajn rezultira smanjenom te\u017einom, olak\u0161avaju\u0107i instalaciju kod \u0161irokog raspona primjena.<\/p>\n\n\n\n<p><\/p>","protected":false},"featured_media":1640,"parent":0,"template":"","meta":{"_acf_changed":true},"product-category":[54],"class_list":["post-1639","product","type-product","status-publish","has-post-thumbnail","hentry","product-category-consolidated-safety-valves"],"acf":[],"_links":{"self":[{"href":"https:\/\/ats-valves.eu\/hr\/wp-json\/wp\/v2\/product\/1639","targetHints":{"allow":["GET"]}}],"collection":[{"href":"https:\/\/ats-valves.eu\/hr\/wp-json\/wp\/v2\/product"}],"about":[{"href":"https:\/\/ats-valves.eu\/hr\/wp-json\/wp\/v2\/types\/product"}],"wp:featuredmedia":[{"embeddable":true,"href":"https:\/\/ats-valves.eu\/hr\/wp-json\/wp\/v2\/media\/1640"}],"wp:attachment":[{"href":"https:\/\/ats-valves.eu\/hr\/wp-json\/wp\/v2\/media?parent=1639"}],"wp:term":[{"taxonomy":"product-category","embeddable":true,"href":"https:\/\/ats-valves.eu\/hr\/wp-json\/wp\/v2\/product-category?post=1639"}],"curies":[{"name":"wp","href":"https:\/\/api.w.org\/{rel}","templated":true}]}}