{"id":1712,"date":"2025-01-13T12:53:34","date_gmt":"2025-01-13T12:53:34","guid":{"rendered":"https:\/\/ats-valves.eu\/?post_type=product&#038;p=1712"},"modified":"2025-03-13T14:27:08","modified_gmt":"2025-03-13T13:27:08","slug":"becker-anti-surge-valves","status":"publish","type":"product","link":"https:\/\/ats-valves.eu\/hr\/product\/becker-protunaponski-ventili\/","title":{"rendered":"Becker Anti-Surge ventili"},"content":{"rendered":"<p>Becker T-Ball anti-surge ventili , koje je razvio Baker Hughes, nude preciznu anti-surge za\u0161titu i regulaciju za bitne kompresorske aplikacije u sektoru nafte i plina. Na\u0161 inovativni T-Ball dizajn s rotacijskom regulacijom, koji se ne za\u010depljuje, omogu\u0107uje brzu automatizaciju s malim utjecajem, u\u010dinkovito ubla\u017eavaju\u0107i potencijalno \u0161tetne neravnote\u017ee tlaka. Ovaj pristup ne samo da minimizira zahtjeve za odr\u017eavanjem, ve\u0107 i pobolj\u0161ava radnu u\u010dinkovitost, a sve to uz odr\u017eavanje optimalnih performansi.<\/p>","protected":false},"featured_media":1716,"parent":0,"template":"","meta":{"_acf_changed":false},"product-category":[55],"class_list":["post-1712","product","type-product","status-publish","has-post-thumbnail","hentry","product-category-becker-products"],"acf":[],"_links":{"self":[{"href":"https:\/\/ats-valves.eu\/hr\/wp-json\/wp\/v2\/product\/1712","targetHints":{"allow":["GET"]}}],"collection":[{"href":"https:\/\/ats-valves.eu\/hr\/wp-json\/wp\/v2\/product"}],"about":[{"href":"https:\/\/ats-valves.eu\/hr\/wp-json\/wp\/v2\/types\/product"}],"wp:featuredmedia":[{"embeddable":true,"href":"https:\/\/ats-valves.eu\/hr\/wp-json\/wp\/v2\/media\/1716"}],"wp:attachment":[{"href":"https:\/\/ats-valves.eu\/hr\/wp-json\/wp\/v2\/media?parent=1712"}],"wp:term":[{"taxonomy":"product-category","embeddable":true,"href":"https:\/\/ats-valves.eu\/hr\/wp-json\/wp\/v2\/product-category?post=1712"}],"curies":[{"name":"wp","href":"https:\/\/api.w.org\/{rel}","templated":true}]}}