{"id":1717,"date":"2025-01-13T12:54:58","date_gmt":"2025-01-13T12:54:58","guid":{"rendered":"https:\/\/ats-valves.eu\/?post_type=product&#038;p=1717"},"modified":"2025-03-13T14:32:37","modified_gmt":"2025-03-13T13:32:37","slug":"becker-valve-positioners","status":"publish","type":"product","link":"https:\/\/ats-valves.eu\/hr\/product\/pozicioneri-becker-ventila-2\/","title":{"rendered":"Becker pozicioneri ventila"},"content":{"rendered":"<p>Becker pozicioneri ventila osiguravaju precizno pozicioniranje jednoradnih ili dvoradnih regulacijskih ventila. Nudi fleksibilnost postavljanja i u obrnutom i u izravnom na\u010dinu rada, prilago\u0111avaju\u0107i se nizu varijacija ulaznog signala instrumenta. Ovaj ure\u0111aj je kompatibilan sa signalima pneumatskih instrumenata koji potje\u010du iz I\/P pretvara\u010da ili pneumatskog regulatora.<\/p>","protected":false},"featured_media":1718,"parent":0,"template":"","meta":{"_acf_changed":false},"product-category":[55],"class_list":["post-1717","product","type-product","status-publish","has-post-thumbnail","hentry","product-category-becker-products"],"acf":[],"_links":{"self":[{"href":"https:\/\/ats-valves.eu\/hr\/wp-json\/wp\/v2\/product\/1717","targetHints":{"allow":["GET"]}}],"collection":[{"href":"https:\/\/ats-valves.eu\/hr\/wp-json\/wp\/v2\/product"}],"about":[{"href":"https:\/\/ats-valves.eu\/hr\/wp-json\/wp\/v2\/types\/product"}],"wp:featuredmedia":[{"embeddable":true,"href":"https:\/\/ats-valves.eu\/hr\/wp-json\/wp\/v2\/media\/1718"}],"wp:attachment":[{"href":"https:\/\/ats-valves.eu\/hr\/wp-json\/wp\/v2\/media?parent=1717"}],"wp:term":[{"taxonomy":"product-category","embeddable":true,"href":"https:\/\/ats-valves.eu\/hr\/wp-json\/wp\/v2\/product-category?post=1717"}],"curies":[{"name":"wp","href":"https:\/\/api.w.org\/{rel}","templated":true}]}}