{"id":1720,"date":"2025-01-13T12:59:53","date_gmt":"2025-01-13T12:59:53","guid":{"rendered":"https:\/\/ats-valves.eu\/?post_type=product&#038;p=1720"},"modified":"2025-03-13T14:30:55","modified_gmt":"2025-03-13T13:30:55","slug":"becker-pipeline-control-valves","status":"publish","type":"product","link":"https:\/\/ats-valves.eu\/hr\/product\/beckerovi-regulacijski-ventili-cjevovoda-2\/","title":{"rendered":"Becker regulacijski ventili cjevovoda"},"content":{"rendered":"<p>Sustavi prirodnog plina nastoje posti\u0107i optimalan kapacitet i radnu u\u010dinkovitost. Kao odgovor na rastu\u0107e zahtjeve tr\u017ei\u0161ta, brojni dizajni regulatorskih stanica prema\u0161uju mogu\u0107nosti regulacijskih ventila razli\u010ditih proizvo\u0111a\u010da. Za zahtjevne potrebe regulacije prirodnog plina, Becker serija regulacijskih ventila cjevovoda nudi niz ventila koji mogu pobolj\u0161ati performanse va\u0161eg sustava.<\/p>","protected":false},"featured_media":1721,"parent":0,"template":"","meta":{"_acf_changed":true},"product-category":[55],"class_list":["post-1720","product","type-product","status-publish","has-post-thumbnail","hentry","product-category-becker-products"],"acf":[],"_links":{"self":[{"href":"https:\/\/ats-valves.eu\/hr\/wp-json\/wp\/v2\/product\/1720","targetHints":{"allow":["GET"]}}],"collection":[{"href":"https:\/\/ats-valves.eu\/hr\/wp-json\/wp\/v2\/product"}],"about":[{"href":"https:\/\/ats-valves.eu\/hr\/wp-json\/wp\/v2\/types\/product"}],"wp:featuredmedia":[{"embeddable":true,"href":"https:\/\/ats-valves.eu\/hr\/wp-json\/wp\/v2\/media\/1721"}],"wp:attachment":[{"href":"https:\/\/ats-valves.eu\/hr\/wp-json\/wp\/v2\/media?parent=1720"}],"wp:term":[{"taxonomy":"product-category","embeddable":true,"href":"https:\/\/ats-valves.eu\/hr\/wp-json\/wp\/v2\/product-category?post=1720"}],"curies":[{"name":"wp","href":"https:\/\/api.w.org\/{rel}","templated":true}]}}