{"id":1722,"date":"2025-01-13T13:02:48","date_gmt":"2025-01-13T13:02:48","guid":{"rendered":"https:\/\/ats-valves.eu\/?post_type=product&#038;p=1722"},"modified":"2025-03-13T14:27:28","modified_gmt":"2025-03-13T13:27:28","slug":"becker-emergency-shutdown-valve","status":"publish","type":"product","link":"https:\/\/ats-valves.eu\/hr\/product\/becker-emergency-shutdown-valve\/","title":{"rendered":"Becker ventil za hitno isklju\u010divanje"},"content":{"rendered":"<p>Osiguravanje sigurnosti u prijenosnim i distribucijskim sustavima prirodnog plina klju\u010dno je za odr\u017eavanje pouzdanih operacija. Becker ventil za hitno isklju\u010divanje (ESDV) kojeg isporu\u010duje Baker Hughes Oil &amp; Gas pru\u017ea klju\u010dnu za\u0161titu za opremu, okoli\u0161 i osoblje u slu\u010daju opasnih poreme\u0107aja sustava.<\/p>","protected":false},"featured_media":1723,"parent":0,"template":"","meta":{"_acf_changed":true},"product-category":[55],"class_list":["post-1722","product","type-product","status-publish","has-post-thumbnail","hentry","product-category-becker-products"],"acf":[],"_links":{"self":[{"href":"https:\/\/ats-valves.eu\/hr\/wp-json\/wp\/v2\/product\/1722","targetHints":{"allow":["GET"]}}],"collection":[{"href":"https:\/\/ats-valves.eu\/hr\/wp-json\/wp\/v2\/product"}],"about":[{"href":"https:\/\/ats-valves.eu\/hr\/wp-json\/wp\/v2\/types\/product"}],"wp:featuredmedia":[{"embeddable":true,"href":"https:\/\/ats-valves.eu\/hr\/wp-json\/wp\/v2\/media\/1723"}],"wp:attachment":[{"href":"https:\/\/ats-valves.eu\/hr\/wp-json\/wp\/v2\/media?parent=1722"}],"wp:term":[{"taxonomy":"product-category","embeddable":true,"href":"https:\/\/ats-valves.eu\/hr\/wp-json\/wp\/v2\/product-category?post=1722"}],"curies":[{"name":"wp","href":"https:\/\/api.w.org\/{rel}","templated":true}]}}