{"id":1724,"date":"2025-01-13T13:04:36","date_gmt":"2025-01-13T13:04:36","guid":{"rendered":"https:\/\/ats-valves.eu\/?post_type=product&#038;p=1724"},"modified":"2025-03-24T11:56:03","modified_gmt":"2025-03-24T10:56:03","slug":"becker-valve-regulator-pilot-2","status":"publish","type":"product","link":"https:\/\/ats-valves.eu\/hr\/product\/becker-valve-regulator-pilot-2\/","title":{"rendered":"Becker pilot regulator za regulacijske ventile"},"content":{"rendered":"<p>Becker Valve Regulator Pilot (VRP) nudi pneumatsku regulaciju tlaka za primjene povezane s plinom. Nadzire nizvodni tlak i koristi plin iz cjevovoda za rad aktuatora, prilago\u0111avaju\u0107i tako ventil da odr\u017ei zadanu vrijednost.<\/p>","protected":false},"featured_media":1725,"parent":0,"template":"","meta":{"_acf_changed":true},"product-category":[55],"class_list":["post-1724","product","type-product","status-publish","has-post-thumbnail","hentry","product-category-becker-products"],"acf":[],"_links":{"self":[{"href":"https:\/\/ats-valves.eu\/hr\/wp-json\/wp\/v2\/product\/1724","targetHints":{"allow":["GET"]}}],"collection":[{"href":"https:\/\/ats-valves.eu\/hr\/wp-json\/wp\/v2\/product"}],"about":[{"href":"https:\/\/ats-valves.eu\/hr\/wp-json\/wp\/v2\/types\/product"}],"wp:featuredmedia":[{"embeddable":true,"href":"https:\/\/ats-valves.eu\/hr\/wp-json\/wp\/v2\/media\/1725"}],"wp:attachment":[{"href":"https:\/\/ats-valves.eu\/hr\/wp-json\/wp\/v2\/media?parent=1724"}],"wp:term":[{"taxonomy":"product-category","embeddable":true,"href":"https:\/\/ats-valves.eu\/hr\/wp-json\/wp\/v2\/product-category?post=1724"}],"curies":[{"name":"wp","href":"https:\/\/api.w.org\/{rel}","templated":true}]}}