{"id":1726,"date":"2025-01-13T13:07:34","date_gmt":"2025-01-13T13:07:34","guid":{"rendered":"https:\/\/ats-valves.eu\/?post_type=product&#038;p=1726"},"modified":"2025-03-24T11:55:09","modified_gmt":"2025-03-24T10:55:09","slug":"becker-rotary-piston-actuators","status":"publish","type":"product","link":"https:\/\/ats-valves.eu\/hr\/product\/becker-rotacijski-klipni-aktuatori\/","title":{"rendered":"Becker klipni aktuatori za rotacijske ventile"},"content":{"rendered":"<p>Becker klipni aktuatori za rotacijske ventile s povratnom oprugom (RPSR) i dvoradnim djelovanjem (RPDA) projektirani su da budu izdr\u017eljivi, otporni na zamor i ne zahtijevaju odr\u017eavanje. Ovi aktuatori imaju kompaktan dizajn i kompatibilni su s gotovo svim cjevovodnim ventilima. Posjeduju snagu potrebnu za rukovanje visokotla\u010dnim opskrbama prirodnim plinom i nude opcionalnu konfiguraciju koja mo\u017ee izdr\u017eati zahtjevne uvjete povezane s aplikacijama regulacijskih ventila velike brzine.<\/p>","protected":false},"featured_media":1727,"parent":0,"template":"","meta":{"_acf_changed":true},"product-category":[55],"class_list":["post-1726","product","type-product","status-publish","has-post-thumbnail","hentry","product-category-becker-products"],"acf":[],"_links":{"self":[{"href":"https:\/\/ats-valves.eu\/hr\/wp-json\/wp\/v2\/product\/1726","targetHints":{"allow":["GET"]}}],"collection":[{"href":"https:\/\/ats-valves.eu\/hr\/wp-json\/wp\/v2\/product"}],"about":[{"href":"https:\/\/ats-valves.eu\/hr\/wp-json\/wp\/v2\/types\/product"}],"wp:featuredmedia":[{"embeddable":true,"href":"https:\/\/ats-valves.eu\/hr\/wp-json\/wp\/v2\/media\/1727"}],"wp:attachment":[{"href":"https:\/\/ats-valves.eu\/hr\/wp-json\/wp\/v2\/media?parent=1726"}],"wp:term":[{"taxonomy":"product-category","embeddable":true,"href":"https:\/\/ats-valves.eu\/hr\/wp-json\/wp\/v2\/product-category?post=1726"}],"curies":[{"name":"wp","href":"https:\/\/api.w.org\/{rel}","templated":true}]}}