{"id":1728,"date":"2025-01-13T13:10:17","date_gmt":"2025-01-13T13:10:17","guid":{"rendered":"https:\/\/ats-valves.eu\/?post_type=product&#038;p=1728"},"modified":"2025-03-24T11:54:11","modified_gmt":"2025-03-24T10:54:11","slug":"mooney-flowgrid-regulators","status":"publish","type":"product","link":"https:\/\/ats-valves.eu\/hr\/product\/mooney-regulatori-2\/","title":{"rendered":"Mooney Flowgrid regulatori"},"content":{"rendered":"<p>Mooney Flowgrid regulatori tvrtke Baker Hughes omogu\u0107uju korisnicima u\u010dinkovito upravljanje tlakom i protokom gotovo svih plinova ili teku\u0107ina. Ova sposobnost pove\u0107ava radnu to\u010dnost, odziv i stabilnost, dok istovremeno smanjuje broj komponenti, razinu buke, zahtjeve za odr\u017eavanjem i tro\u0161kove energije. Mooney regulatori pru\u017eaju zna\u010dajnu vrijednost kupcima s ciljem generiranja energije na u\u010dinkovitiji i pouzdaniji na\u010din, uz smanjene tro\u0161kove i pove\u0107anu predanost za\u0161titi okoli\u0161a.<\/p>","protected":false},"featured_media":1729,"parent":0,"template":"","meta":{"_acf_changed":false},"product-category":[56],"class_list":["post-1728","product","type-product","status-publish","has-post-thumbnail","hentry","product-category-mooney-regulators"],"acf":[],"_links":{"self":[{"href":"https:\/\/ats-valves.eu\/hr\/wp-json\/wp\/v2\/product\/1728","targetHints":{"allow":["GET"]}}],"collection":[{"href":"https:\/\/ats-valves.eu\/hr\/wp-json\/wp\/v2\/product"}],"about":[{"href":"https:\/\/ats-valves.eu\/hr\/wp-json\/wp\/v2\/types\/product"}],"wp:featuredmedia":[{"embeddable":true,"href":"https:\/\/ats-valves.eu\/hr\/wp-json\/wp\/v2\/media\/1729"}],"wp:attachment":[{"href":"https:\/\/ats-valves.eu\/hr\/wp-json\/wp\/v2\/media?parent=1728"}],"wp:term":[{"taxonomy":"product-category","embeddable":true,"href":"https:\/\/ats-valves.eu\/hr\/wp-json\/wp\/v2\/product-category?post=1728"}],"curies":[{"name":"wp","href":"https:\/\/api.w.org\/{rel}","templated":true}]}}