{"id":2549,"date":"2025-02-07T10:20:17","date_gmt":"2025-02-07T09:20:17","guid":{"rendered":"https:\/\/ats-valves.eu\/?post_type=product&#038;p=2549"},"modified":"2025-03-24T11:53:45","modified_gmt":"2025-03-24T10:53:45","slug":"masoneilan-12400-series-digital-level-transmitter","status":"publish","type":"product","link":"https:\/\/ats-valves.eu\/hr\/product\/masoneilan-12400-serija-digitalnih-odasiljaca-razine\/","title":{"rendered":"Masoneilan digitalni oda\u0161ilja\u010d razine serije 12400"},"content":{"rendered":"<p>Masoneilan digitalni oda\u0161ilja\u010di razine serije 12400 dizajnirani su za upravljanje i\/ili prijenos razine jedne ili dvije teku\u0107ine unutar spremnika, slu\u017ee\u0107i funkciji su\u010delja.<\/p>","protected":false},"featured_media":2550,"parent":0,"template":"","meta":{"_acf_changed":true},"product-category":[61],"class_list":["post-2549","product","type-product","status-publish","has-post-thumbnail","hentry","product-category-level-transmitters-and-controllers"],"acf":[],"_links":{"self":[{"href":"https:\/\/ats-valves.eu\/hr\/wp-json\/wp\/v2\/product\/2549","targetHints":{"allow":["GET"]}}],"collection":[{"href":"https:\/\/ats-valves.eu\/hr\/wp-json\/wp\/v2\/product"}],"about":[{"href":"https:\/\/ats-valves.eu\/hr\/wp-json\/wp\/v2\/types\/product"}],"wp:featuredmedia":[{"embeddable":true,"href":"https:\/\/ats-valves.eu\/hr\/wp-json\/wp\/v2\/media\/2550"}],"wp:attachment":[{"href":"https:\/\/ats-valves.eu\/hr\/wp-json\/wp\/v2\/media?parent=2549"}],"wp:term":[{"taxonomy":"product-category","embeddable":true,"href":"https:\/\/ats-valves.eu\/hr\/wp-json\/wp\/v2\/product-category?post=2549"}],"curies":[{"name":"wp","href":"https:\/\/api.w.org\/{rel}","templated":true}]}}