{"id":2551,"date":"2025-02-07T10:22:10","date_gmt":"2025-02-07T09:22:10","guid":{"rendered":"https:\/\/ats-valves.eu\/?post_type=product&#038;p=2551"},"modified":"2025-03-24T11:52:17","modified_gmt":"2025-03-24T10:52:17","slug":"masoneilan-12800-series-pneumatic-level-transmitter-controller","status":"publish","type":"product","link":"https:\/\/ats-valves.eu\/hr\/product\/masoneilan-serija-12800-kontroler-pneumatskog-odasiljaca-razine\/","title":{"rendered":"Masoneilan  pneumatski oda\u0161ilja\u010d\/regulator razine serije 12800"},"content":{"rendered":"<p>Masoneilan pneumatski regulatori razine serije 12800 dizajnirani su za upravljanje i prijenos razine jedne ili dvije teku\u0107ine unutar spremnika, slu\u017ee\u0107i aplikacijama su\u010delja.<\/p>","protected":false},"featured_media":2552,"parent":0,"template":"","meta":{"_acf_changed":true},"product-category":[61],"class_list":["post-2551","product","type-product","status-publish","has-post-thumbnail","hentry","product-category-level-transmitters-and-controllers"],"acf":[],"_links":{"self":[{"href":"https:\/\/ats-valves.eu\/hr\/wp-json\/wp\/v2\/product\/2551","targetHints":{"allow":["GET"]}}],"collection":[{"href":"https:\/\/ats-valves.eu\/hr\/wp-json\/wp\/v2\/product"}],"about":[{"href":"https:\/\/ats-valves.eu\/hr\/wp-json\/wp\/v2\/types\/product"}],"wp:featuredmedia":[{"embeddable":true,"href":"https:\/\/ats-valves.eu\/hr\/wp-json\/wp\/v2\/media\/2552"}],"wp:attachment":[{"href":"https:\/\/ats-valves.eu\/hr\/wp-json\/wp\/v2\/media?parent=2551"}],"wp:term":[{"taxonomy":"product-category","embeddable":true,"href":"https:\/\/ats-valves.eu\/hr\/wp-json\/wp\/v2\/product-category?post=2551"}],"curies":[{"name":"wp","href":"https:\/\/api.w.org\/{rel}","templated":true}]}}