{"id":501,"date":"2024-09-04T19:32:18","date_gmt":"2024-09-04T19:32:18","guid":{"rendered":"http:\/\/localhost:8881\/?post_type=product&#038;p=501"},"modified":"2025-03-13T14:37:42","modified_gmt":"2025-03-13T13:37:42","slug":"masoneilan-10000-series-double-port-valve-2","status":"publish","type":"product","link":"https:\/\/ats-valves.eu\/hr\/product\/masoneilan-serija-10000-dvostruki-ventil-2\/","title":{"rendered":"Masoneilan dvosjedni regulacijski ventil serije 10000"},"content":{"rendered":"<p>Dvosjedni regulacijski ventili Masoneilan serije 10000, koje proizvodi Baker Hughes, imaju polu-uravnote\u017eeni dizajn koji prilago\u0111ava visoke dopu\u0161tene padove tlaka, minimizira zahtjeve za potiskom aktuatora i nudi zna\u010dajna podru\u010dja protoka, \u0161to ih \u010dini prikladnima za rukovanje prljavim teku\u0107inama.<\/p>","protected":false},"featured_media":117,"parent":0,"template":"","meta":{"_acf_changed":true},"product-category":[28],"class_list":["post-501","product","type-product","status-publish","has-post-thumbnail","hentry","product-category-globe-control-valves"],"acf":[],"_links":{"self":[{"href":"https:\/\/ats-valves.eu\/hr\/wp-json\/wp\/v2\/product\/501","targetHints":{"allow":["GET"]}}],"collection":[{"href":"https:\/\/ats-valves.eu\/hr\/wp-json\/wp\/v2\/product"}],"about":[{"href":"https:\/\/ats-valves.eu\/hr\/wp-json\/wp\/v2\/types\/product"}],"wp:featuredmedia":[{"embeddable":true,"href":"https:\/\/ats-valves.eu\/hr\/wp-json\/wp\/v2\/media\/117"}],"wp:attachment":[{"href":"https:\/\/ats-valves.eu\/hr\/wp-json\/wp\/v2\/media?parent=501"}],"wp:term":[{"taxonomy":"product-category","embeddable":true,"href":"https:\/\/ats-valves.eu\/hr\/wp-json\/wp\/v2\/product-category?post=501"}],"curies":[{"name":"wp","href":"https:\/\/api.w.org\/{rel}","templated":true}]}}