{"id":691,"date":"2024-09-13T19:06:57","date_gmt":"2024-09-13T19:06:57","guid":{"rendered":"http:\/\/localhost:8881\/?post_type=product&#038;p=691"},"modified":"2025-03-13T13:47:37","modified_gmt":"2025-03-13T12:47:37","slug":"masoneilan-28000-series-varipak-valve","status":"publish","type":"product","link":"https:\/\/ats-valves.eu\/hr\/product\/masoneilan-varipak-ventil-serije-28000-2\/","title":{"rendered":"Masoneilan Varipak\u2122 regulacijski ventil serije 28000"},"content":{"rendered":"<p>Masoneilan Varipak regulacijski ventili serije 28000 pomno su konstruirani za aplikacije s niskim protokom, pru\u017eaju\u0107i vrhunsku regulaciju prigu\u0161ivanja zajedno s raznolikim nizom opcija i funkcionalnosti. Optimizacija dizajna dovela je do visoko integriranog i kompaktnog sklopa.<\/p>\n\n\n\n<p>Zna\u010dajne karakteristike i prednosti VariPak regulacijskih ventila obuhva\u0107aju:<\/p>\n\n\n\n<ul class=\"wp-block-list\">\n<li>Robusno gornje vo\u0111enje pladnja<\/li>\n\n\n\n<li>Svestrana prilagodljivost primjeni<\/li>\n\n\n\n<li>Prilagodljiv CV<\/li>\n\n\n\n<li>Prostorno u\u010dinkovita monta\u017ea<\/li>\n\n\n\n<li>Antikavitacijski trim<\/li>\n\n\n\n<li>Fleksibilne mogu\u0107nosti dizajna<\/li>\n<\/ul>","protected":false},"featured_media":692,"parent":0,"template":"","meta":{"_acf_changed":false},"product-category":[28],"class_list":["post-691","product","type-product","status-publish","has-post-thumbnail","hentry","product-category-globe-control-valves"],"acf":[],"_links":{"self":[{"href":"https:\/\/ats-valves.eu\/hr\/wp-json\/wp\/v2\/product\/691","targetHints":{"allow":["GET"]}}],"collection":[{"href":"https:\/\/ats-valves.eu\/hr\/wp-json\/wp\/v2\/product"}],"about":[{"href":"https:\/\/ats-valves.eu\/hr\/wp-json\/wp\/v2\/types\/product"}],"wp:featuredmedia":[{"embeddable":true,"href":"https:\/\/ats-valves.eu\/hr\/wp-json\/wp\/v2\/media\/692"}],"wp:attachment":[{"href":"https:\/\/ats-valves.eu\/hr\/wp-json\/wp\/v2\/media?parent=691"}],"wp:term":[{"taxonomy":"product-category","embeddable":true,"href":"https:\/\/ats-valves.eu\/hr\/wp-json\/wp\/v2\/product-category?post=691"}],"curies":[{"name":"wp","href":"https:\/\/api.w.org\/{rel}","templated":true}]}}