{"id":693,"date":"2024-09-13T19:07:51","date_gmt":"2024-09-13T19:07:51","guid":{"rendered":"http:\/\/localhost:8881\/?post_type=product&#038;p=693"},"modified":"2025-03-13T13:50:09","modified_gmt":"2025-03-13T12:50:09","slug":"masoneilan-41005-series-cage-guided-valve","status":"publish","type":"product","link":"https:\/\/ats-valves.eu\/hr\/product\/kavezno-vodeni-ventil-serije-masoneilan-41005\/","title":{"rendered":"Masoneilan kavezno vo\u0111eni ventil serije 41005"},"content":{"rendered":"<p>Masoneilan regulacijski ventil serije 41005  za te\u0161ke uvjete rada dizajniran je s uravnote\u017eenim konfiguracijama trima, osiguravaju\u0107i u\u010dinkovite i stabilne performanse \u010dak i u izazovnim procesnim okru\u017eenjima koje karakteriziraju zna\u010dajni padovi tlaka i temperaturne fluktuacije. Ova linija proizvoda uklju\u010duje opcionalna rje\u0161enja kao \u0161to su trim za prigu\u0161ivanje buke, antikavitacijski dizajn i razne opcije balansne brtve, zadovoljavaju\u0107i raznolik niz zahtjeva za tlakom i temperaturom.<\/p>","protected":false},"featured_media":694,"parent":0,"template":"","meta":{"_acf_changed":true},"product-category":[28],"class_list":["post-693","product","type-product","status-publish","has-post-thumbnail","hentry","product-category-globe-control-valves"],"acf":[],"_links":{"self":[{"href":"https:\/\/ats-valves.eu\/hr\/wp-json\/wp\/v2\/product\/693","targetHints":{"allow":["GET"]}}],"collection":[{"href":"https:\/\/ats-valves.eu\/hr\/wp-json\/wp\/v2\/product"}],"about":[{"href":"https:\/\/ats-valves.eu\/hr\/wp-json\/wp\/v2\/types\/product"}],"wp:featuredmedia":[{"embeddable":true,"href":"https:\/\/ats-valves.eu\/hr\/wp-json\/wp\/v2\/media\/694"}],"wp:attachment":[{"href":"https:\/\/ats-valves.eu\/hr\/wp-json\/wp\/v2\/media?parent=693"}],"wp:term":[{"taxonomy":"product-category","embeddable":true,"href":"https:\/\/ats-valves.eu\/hr\/wp-json\/wp\/v2\/product-category?post=693"}],"curies":[{"name":"wp","href":"https:\/\/api.w.org\/{rel}","templated":true}]}}