{"id":696,"date":"2024-09-13T19:09:44","date_gmt":"2024-09-13T19:09:44","guid":{"rendered":"http:\/\/localhost:8881\/?post_type=product&#038;p=696"},"modified":"2025-03-13T13:57:37","modified_gmt":"2025-03-13T12:57:37","slug":"masoneilan-80000-series-3-way-control-valve","status":"publish","type":"product","link":"https:\/\/ats-valves.eu\/hr\/product\/masoneilan-serije-80000-3-putni-kontrolni-ventil-2\/","title":{"rendered":"Masoneilan troputi regulacijski ventil serije 80000"},"content":{"rendered":"<p>Masoneilan serija 80000 nudi niz troputih regulacijskih ventila prikladnih i za kombiniranje i za preusmjeravanje. Klju\u010dne karakteristike uklju\u010duju:<\/p>\n\n\n\n<p><strong>Izuzetan kapacitet s minimalnim oporavkom<br><\/strong>Kapacitet protoka ovih ventila svrstava se me\u0111u najve\u0107e dostupne za moderne tropute ventile, postignut s minimalnim povratom tlaka, kao \u0161to pokazuju njihovi povi\u0161eni kriti\u010dni faktori protoka.<\/p>\n\n\n\n<p><strong>Izdr\u017eljivi materijali<br><\/strong>Materijali kori\u0161teni u konstrukciji ovih ventila pa\u017eljivo su odabrani kako bi se osigurala visoka u\u010dinkovitost i dugovje\u010dnost.<\/p>\n\n\n\n<p><strong>Konfiguracija pladnja<br><\/strong>Ovi ventili su projektirani tako da protok uvijek otvara oba porta. Takva orijentacija protoka rezultira znatno boljom stabilno\u0161\u0107u pladnja tijekom rada ventila.<\/p>","protected":false},"featured_media":697,"parent":0,"template":"","meta":{"_acf_changed":true},"product-category":[28],"class_list":["post-696","product","type-product","status-publish","has-post-thumbnail","hentry","product-category-globe-control-valves"],"acf":[],"_links":{"self":[{"href":"https:\/\/ats-valves.eu\/hr\/wp-json\/wp\/v2\/product\/696","targetHints":{"allow":["GET"]}}],"collection":[{"href":"https:\/\/ats-valves.eu\/hr\/wp-json\/wp\/v2\/product"}],"about":[{"href":"https:\/\/ats-valves.eu\/hr\/wp-json\/wp\/v2\/types\/product"}],"wp:featuredmedia":[{"embeddable":true,"href":"https:\/\/ats-valves.eu\/hr\/wp-json\/wp\/v2\/media\/697"}],"wp:attachment":[{"href":"https:\/\/ats-valves.eu\/hr\/wp-json\/wp\/v2\/media?parent=696"}],"wp:term":[{"taxonomy":"product-category","embeddable":true,"href":"https:\/\/ats-valves.eu\/hr\/wp-json\/wp\/v2\/product-category?post=696"}],"curies":[{"name":"wp","href":"https:\/\/api.w.org\/{rel}","templated":true}]}}