{"id":704,"date":"2024-09-13T19:17:44","date_gmt":"2024-09-13T19:17:44","guid":{"rendered":"http:\/\/localhost:8881\/?post_type=product&#038;p=704"},"modified":"2025-03-24T11:49:20","modified_gmt":"2025-03-24T10:49:20","slug":"masoneilan-33000-series-triple-offset-butterfly-valves","status":"publish","type":"product","link":"https:\/\/ats-valves.eu\/hr\/product\/masoneilan-serije-33000-trostruki-pomak-leptir-ventila\/","title":{"rendered":"Masoneilan triple-offset regulacijski leptir ventil serije 33000"},"content":{"rendered":"<p>Serija Masoneilan 33000 tvrtke Baker Hughes ima patentirani dizajn u kombinaciji s naprednim proizvodnim tehnikama za pru\u017eanje iznimnih performansi. Ova serija uklju\u010duje mogu\u0107nosti trostrukog pomaka koje olak\u0161avaju dvosmjerno, izolacijsko \u010dvrsto zatvaranje u \u0161irokom spektru tlakova i temperatura, prikladno i za upravljanje i za uklju\u010divanje\/isklju\u010divanje. Robusni leptir ventil serije 33000 jam\u010di visoku razinu performansi bez propu\u0161tanja dok nudi ekonomi\u010dnije rje\u0161enje u usporedbi s ve\u0107im tehnologijama zasuna, sfernih ili kuglastih ventila koji se obi\u010dno koriste u raznim izolacijskim aplikacijama.<\/p>","protected":false},"featured_media":1133,"parent":0,"template":"","meta":{"_acf_changed":true},"product-category":[52],"class_list":["post-704","product","type-product","status-publish","has-post-thumbnail","hentry","product-category-rotary-stem-control-valves"],"acf":[],"_links":{"self":[{"href":"https:\/\/ats-valves.eu\/hr\/wp-json\/wp\/v2\/product\/704","targetHints":{"allow":["GET"]}}],"collection":[{"href":"https:\/\/ats-valves.eu\/hr\/wp-json\/wp\/v2\/product"}],"about":[{"href":"https:\/\/ats-valves.eu\/hr\/wp-json\/wp\/v2\/types\/product"}],"wp:featuredmedia":[{"embeddable":true,"href":"https:\/\/ats-valves.eu\/hr\/wp-json\/wp\/v2\/media\/1133"}],"wp:attachment":[{"href":"https:\/\/ats-valves.eu\/hr\/wp-json\/wp\/v2\/media?parent=704"}],"wp:term":[{"taxonomy":"product-category","embeddable":true,"href":"https:\/\/ats-valves.eu\/hr\/wp-json\/wp\/v2\/product-category?post=704"}],"curies":[{"name":"wp","href":"https:\/\/api.w.org\/{rel}","templated":true}]}}