{"id":707,"date":"2024-09-13T19:25:56","date_gmt":"2024-09-13T19:25:56","guid":{"rendered":"http:\/\/localhost:8881\/?post_type=product&#038;p=707"},"modified":"2025-03-24T12:21:41","modified_gmt":"2025-03-24T11:21:41","slug":"masoneilan-49000-series-v-log-low-noise-anti-cavitation-valve","status":"publish","type":"product","link":"https:\/\/ats-valves.eu\/hr\/product\/masoneilan-49000-serija-v-log-niskosumni-antikavitacijski-ventil\/","title":{"rendered":"Masoneilan V-LOG\u2122 nisko\u0161umni regulacijski antikavitacijski ventil serije 49000"},"content":{"rendered":"<p>Masoneilan visokotla\u010dni ventil V-LOG serije 49000 dizajniran je s pro\u0161irenom galerijom tijela kako bi se olak\u0161alo \u0161irenje plina i nudi do 36 stupnjeva smanjenja tlaka kroz konfiguraciju trima. Ovaj ventil pru\u017ea optimizirana rje\u0161enja za te\u0161ke radne uvjete koje karakteriziraju visoki padovi tlaka, \u0161to mo\u017ee dovesti do \u0161tetne buke ili stanja kavitacije teku\u0107ine. Konstruirana oko Masoneilanove V-LOG trima za upravljanje energijom, serija 49000 vje\u0161ta je u upravljanju raznolikim nizom teku\u0107ina i plinova u raznim procesnim industrijama.<\/p>","protected":false},"featured_media":709,"parent":0,"template":"","meta":{"_acf_changed":true},"product-category":[32],"class_list":["post-707","product","type-product","status-publish","has-post-thumbnail","hentry","product-category-severe-service-control-valves"],"acf":[],"_links":{"self":[{"href":"https:\/\/ats-valves.eu\/hr\/wp-json\/wp\/v2\/product\/707","targetHints":{"allow":["GET"]}}],"collection":[{"href":"https:\/\/ats-valves.eu\/hr\/wp-json\/wp\/v2\/product"}],"about":[{"href":"https:\/\/ats-valves.eu\/hr\/wp-json\/wp\/v2\/types\/product"}],"wp:featuredmedia":[{"embeddable":true,"href":"https:\/\/ats-valves.eu\/hr\/wp-json\/wp\/v2\/media\/709"}],"wp:attachment":[{"href":"https:\/\/ats-valves.eu\/hr\/wp-json\/wp\/v2\/media?parent=707"}],"wp:term":[{"taxonomy":"product-category","embeddable":true,"href":"https:\/\/ats-valves.eu\/hr\/wp-json\/wp\/v2\/product-category?post=707"}],"curies":[{"name":"wp","href":"https:\/\/api.w.org\/{rel}","templated":true}]}}