{"id":716,"date":"2024-09-13T19:26:47","date_gmt":"2024-09-13T19:26:47","guid":{"rendered":"http:\/\/localhost:8881\/?post_type=product&#038;p=716"},"modified":"2025-03-13T13:52:17","modified_gmt":"2025-03-13T12:52:17","slug":"masoneilan-71000-series-visbreaker-valve","status":"publish","type":"product","link":"https:\/\/ats-valves.eu\/hr\/product\/masoneilan-visbreaker-ventil-serije-71000-2\/","title":{"rendered":"Masoneilan Visbreaker regulacijski ventil serije 71000"},"content":{"rendered":"<p>Masoneilan serije 71000 s jednostrukim ulazom, te\u0161ki vrhom vo\u0111eni regulacijski ventili projektirani su s inherentnom svestrano\u0161\u0107u, \u0161to ih \u010dini idealnim za raznolik niz aplikacija u te\u0161kim procesima, uklju\u010duju\u0107i jedinice za rafiniranje sirove nafte i rasplinjavanje. Ovaj ventil nudi:<\/p>\n\n\n\n<ul class=\"wp-block-list\">\n<li>Aerodinami\u010dni kutni dizajn tijela<\/li>\n\n\n\n<li>Te\u0161ki vo\u0111eni, oja\u010dani dizajn pladnja<\/li>\n\n\n\n<li>Materijali otporni na koroziju<\/li>\n\n\n\n<li>Certifikacija niske emisije<\/li>\n\n\n\n<li>\u010cvrsto zatvaranje<\/li>\n<\/ul>","protected":false},"featured_media":710,"parent":0,"template":"","meta":{"_acf_changed":false},"product-category":[32],"class_list":["post-716","product","type-product","status-publish","has-post-thumbnail","hentry","product-category-severe-service-control-valves"],"acf":[],"_links":{"self":[{"href":"https:\/\/ats-valves.eu\/hr\/wp-json\/wp\/v2\/product\/716","targetHints":{"allow":["GET"]}}],"collection":[{"href":"https:\/\/ats-valves.eu\/hr\/wp-json\/wp\/v2\/product"}],"about":[{"href":"https:\/\/ats-valves.eu\/hr\/wp-json\/wp\/v2\/types\/product"}],"wp:featuredmedia":[{"embeddable":true,"href":"https:\/\/ats-valves.eu\/hr\/wp-json\/wp\/v2\/media\/710"}],"wp:attachment":[{"href":"https:\/\/ats-valves.eu\/hr\/wp-json\/wp\/v2\/media?parent=716"}],"wp:term":[{"taxonomy":"product-category","embeddable":true,"href":"https:\/\/ats-valves.eu\/hr\/wp-json\/wp\/v2\/product-category?post=716"}],"curies":[{"name":"wp","href":"https:\/\/api.w.org\/{rel}","templated":true}]}}