{"id":717,"date":"2024-09-13T19:27:42","date_gmt":"2024-09-13T19:27:42","guid":{"rendered":"http:\/\/localhost:8881\/?post_type=product&#038;p=717"},"modified":"2025-03-24T11:59:18","modified_gmt":"2025-03-24T10:59:18","slug":"masoneilan-72000-series-large-mass-flow-noise-reduction-valve","status":"publish","type":"product","link":"https:\/\/ats-valves.eu\/hr\/product\/masoneilan-serija-72000-ventil-za-smanjenje-buke-velikog-masenog-protoka\/","title":{"rendered":"Masoneilan regulacijski ventil serije 72000 za veliki protok \/ smanjenje buke"},"content":{"rendered":"<p>Masoneilan serije 72000 predstavlja posebno dizajnirani kutni ventil koji osigurava precizno upravljanje kapacitetom dok u\u010dinkovito smanjuje buku i izlazne brzine. To se posti\u017ee kori\u0161tenjem jednog ili vi\u0161e kaveza, \u0161to ga \u010dini prikladnim za aplikacije velikog kapaciteta kao i za aplikacije sa visokom redukcijom tlaka plina. <\/p>\n\n\n\n<p>Prilagodljiva priroda izra\u0111enog tijela ventila omogu\u0107uje prilago\u0111ena in\u017eenjerska rje\u0161enja, prilago\u0111avaju\u0107i zna\u010dajne varijacije izme\u0111u ulaznih i izlaznih veli\u010dina kako bi se olak\u0161alo nizvodno \u0161irenje plina i smanjenje buke. Masoneilan Lo-dB nisko\u0161umni trim i V-LOG Energy Management trim posebno su dizajnirani za upravljanje bukom i vibracijama u primjenama s jako visokim omjerima ekspanzije.<\/p>","protected":false},"featured_media":711,"parent":0,"template":"","meta":{"_acf_changed":true},"product-category":[32],"class_list":["post-717","product","type-product","status-publish","has-post-thumbnail","hentry","product-category-severe-service-control-valves"],"acf":[],"_links":{"self":[{"href":"https:\/\/ats-valves.eu\/hr\/wp-json\/wp\/v2\/product\/717","targetHints":{"allow":["GET"]}}],"collection":[{"href":"https:\/\/ats-valves.eu\/hr\/wp-json\/wp\/v2\/product"}],"about":[{"href":"https:\/\/ats-valves.eu\/hr\/wp-json\/wp\/v2\/types\/product"}],"wp:featuredmedia":[{"embeddable":true,"href":"https:\/\/ats-valves.eu\/hr\/wp-json\/wp\/v2\/media\/711"}],"wp:attachment":[{"href":"https:\/\/ats-valves.eu\/hr\/wp-json\/wp\/v2\/media?parent=717"}],"wp:term":[{"taxonomy":"product-category","embeddable":true,"href":"https:\/\/ats-valves.eu\/hr\/wp-json\/wp\/v2\/product-category?post=717"}],"curies":[{"name":"wp","href":"https:\/\/api.w.org\/{rel}","templated":true}]}}