{"id":718,"date":"2024-09-13T19:29:24","date_gmt":"2024-09-13T19:29:24","guid":{"rendered":"http:\/\/localhost:8881\/?post_type=product&#038;p=718"},"modified":"2025-03-13T13:54:13","modified_gmt":"2025-03-13T12:54:13","slug":"masoneilan-74000-series-heavy-oil-process-valve","status":"publish","type":"product","link":"https:\/\/ats-valves.eu\/hr\/product\/masoneilan-serija-74000-procesni-ventil-za-tesko-ulje-2\/","title":{"rendered":"Masoneilan regulacijski ventil za naftu serije 74000"},"content":{"rendered":"<p>Masoneilan serije 74000 isti\u010de se specijalnim jednostupanjskim trimom smje\u0161tenim u kutnom tijelu, kojim se posti\u017ee ravna geometrija strujanja i u trimu i u izlaznom dijelu tijela ventila. Takva jednostavna putanja protoka pokazala je u\u010dinkovitost u specifi\u010dnim primjenama kod nafte, gdje elementi trima klasi\u010dne konstrukcije mogu biti o\u0161te\u0107eni erozivnim strujanjima velike brzine. Proizvod je postigao zapa\u017een uspjeh u izazovnim okru\u017eenjima rafiniranja, posebno tamo gdje prisutnost uvu\u010denih krutih tvari predstavlja zna\u010dajne probleme i gdje su drugi konvencionalni ventili za te\u0161ke radne uvjete do\u017eivjeli katastrofalne kvarove.<\/p>\n\n\n\n<p>74000 stekao je \u0161iroko priznanje industrije zbog svoje pouzdanosti u najzahtjevnijim uvjetima i \u010desto ga posebno preporu\u010duju iskusni korisnici. Na tr\u017ei\u0161tu koje tra\u017ei diferencirane proizvode, 74000 je prepoznat po svom jedinstvenom dizajnu i iznimnim performansama.<\/p>","protected":false},"featured_media":712,"parent":0,"template":"","meta":{"_acf_changed":true},"product-category":[32],"class_list":["post-718","product","type-product","status-publish","has-post-thumbnail","hentry","product-category-severe-service-control-valves"],"acf":[],"_links":{"self":[{"href":"https:\/\/ats-valves.eu\/hr\/wp-json\/wp\/v2\/product\/718","targetHints":{"allow":["GET"]}}],"collection":[{"href":"https:\/\/ats-valves.eu\/hr\/wp-json\/wp\/v2\/product"}],"about":[{"href":"https:\/\/ats-valves.eu\/hr\/wp-json\/wp\/v2\/types\/product"}],"wp:featuredmedia":[{"embeddable":true,"href":"https:\/\/ats-valves.eu\/hr\/wp-json\/wp\/v2\/media\/712"}],"wp:attachment":[{"href":"https:\/\/ats-valves.eu\/hr\/wp-json\/wp\/v2\/media?parent=718"}],"wp:term":[{"taxonomy":"product-category","embeddable":true,"href":"https:\/\/ats-valves.eu\/hr\/wp-json\/wp\/v2\/product-category?post=718"}],"curies":[{"name":"wp","href":"https:\/\/api.w.org\/{rel}","templated":true}]}}