{"id":719,"date":"2024-09-13T19:30:18","date_gmt":"2024-09-13T19:30:18","guid":{"rendered":"http:\/\/localhost:8881\/?post_type=product&#038;p=719"},"modified":"2025-03-24T11:59:58","modified_gmt":"2025-03-24T10:59:58","slug":"masoneilan-77000-series-high-pressure-labyrinth-trim-control-valve","status":"publish","type":"product","link":"https:\/\/ats-valves.eu\/hr\/product\/masoneilan-77000-series-high-pressure-labyrinth-trim-control-valve\/","title":{"rendered":"Masoneilan visokotla\u010dni labirintski regulacijski ventil serije 77000"},"content":{"rendered":"<p>Vi\u0161estupanjski labirintski trim s ekspandiraju\u0107im podru\u010djem kod Masoneilan serije 77000 posebno je projektiran za primjene kod visokotla\u010dnih plinova i dvofaznih smjesa. Vje\u0161to rje\u0161ava probleme povezane s erozijom, vibracijama i povi\u0161enim razinama buke, \u0161to ga \u010dini optimalnim izborom za usluge koje uklju\u010duju visoki tlak, visoku temperaturu i promjenu stanja ugljikovodi\u010dne teku\u0107ine.<\/p>\n\n\n\n<p>Uobi\u010dajene primjene ovog dizajna obuhva\u0107aju razli\u010dite funkcije, uklju\u010duju\u0107i upravljanje vru\u0107im visokotla\u010dnim separatorima u operacijama hidroprocesiranja, regulaciju u\u0161\u0107a plinske bu\u0161otine u prigu\u0161nim ventilima na moru i pouzdano rje\u0161enje za ispu\u0161tanje plina pod visokim tlakom koji mo\u017ee sadr\u017eavati uvu\u010dene krhotine.<\/p>","protected":false},"featured_media":713,"parent":0,"template":"","meta":{"_acf_changed":true},"product-category":[32],"class_list":["post-719","product","type-product","status-publish","has-post-thumbnail","hentry","product-category-severe-service-control-valves"],"acf":[],"_links":{"self":[{"href":"https:\/\/ats-valves.eu\/hr\/wp-json\/wp\/v2\/product\/719","targetHints":{"allow":["GET"]}}],"collection":[{"href":"https:\/\/ats-valves.eu\/hr\/wp-json\/wp\/v2\/product"}],"about":[{"href":"https:\/\/ats-valves.eu\/hr\/wp-json\/wp\/v2\/types\/product"}],"wp:featuredmedia":[{"embeddable":true,"href":"https:\/\/ats-valves.eu\/hr\/wp-json\/wp\/v2\/media\/713"}],"wp:attachment":[{"href":"https:\/\/ats-valves.eu\/hr\/wp-json\/wp\/v2\/media?parent=719"}],"wp:term":[{"taxonomy":"product-category","embeddable":true,"href":"https:\/\/ats-valves.eu\/hr\/wp-json\/wp\/v2\/product-category?post=719"}],"curies":[{"name":"wp","href":"https:\/\/api.w.org\/{rel}","templated":true}]}}