{"id":722,"date":"2024-09-13T19:33:05","date_gmt":"2024-09-13T19:33:05","guid":{"rendered":"http:\/\/localhost:8881\/?post_type=product&#038;p=722"},"modified":"2025-03-13T13:55:17","modified_gmt":"2025-03-13T12:55:17","slug":"masoneilan-75000-series","status":"publish","type":"product","link":"https:\/\/ats-valves.eu\/hr\/product\/masoneilan-4700p-serija\/","title":{"rendered":"Masoneilan regulacijski ventil serije 75000"},"content":{"rendered":"<p>Serija Masoneilan 75000 predstavlja napredno rje\u0161enje za kontrolu razine spremnika, posebno projektirano da izdr\u017ei erozivne uvjete i promjene stanja. Posebno je prikladan za zadatke kontrole razine koji uklju\u010duju korozivne ili viskozne teku\u0107ine koje se obi\u010dno nalaze u kemijskom sektoru pro\u010di\u0161\u0107ene tereftalne kiseline (PTA). Ovu seriju karakterizira zaobljeno jednodijelno kutno tijelo dizajnirano tako da se u\u010dinkovito smanje gubitci tlaka i rizik od erozije uslijed udara \u010destica no\u0161enih radnim medijem.<\/p>\n\n\n\n<p>Serija je dostupna u razli\u010ditim konfiguracijama, uklju\u010duju\u0107i kutove pomicanja od 90\u00b0, 120\u00b0 i 135\u00b0, \u0161to olak\u0161ava prikladno spajanje cjevovoda u zatvorenim okru\u017eenjima montiranih spremnika.<\/p>","protected":false},"featured_media":1151,"parent":0,"template":"","meta":{"_acf_changed":true},"product-category":[32],"class_list":["post-722","product","type-product","status-publish","has-post-thumbnail","hentry","product-category-severe-service-control-valves"],"acf":[],"_links":{"self":[{"href":"https:\/\/ats-valves.eu\/hr\/wp-json\/wp\/v2\/product\/722","targetHints":{"allow":["GET"]}}],"collection":[{"href":"https:\/\/ats-valves.eu\/hr\/wp-json\/wp\/v2\/product"}],"about":[{"href":"https:\/\/ats-valves.eu\/hr\/wp-json\/wp\/v2\/types\/product"}],"wp:featuredmedia":[{"embeddable":true,"href":"https:\/\/ats-valves.eu\/hr\/wp-json\/wp\/v2\/media\/1151"}],"wp:attachment":[{"href":"https:\/\/ats-valves.eu\/hr\/wp-json\/wp\/v2\/media?parent=722"}],"wp:term":[{"taxonomy":"product-category","embeddable":true,"href":"https:\/\/ats-valves.eu\/hr\/wp-json\/wp\/v2\/product-category?post=722"}],"curies":[{"name":"wp","href":"https:\/\/api.w.org\/{rel}","templated":true}]}}