{"id":723,"date":"2024-09-13T19:35:20","date_gmt":"2024-09-13T19:35:20","guid":{"rendered":"http:\/\/localhost:8881\/?post_type=product&#038;p=723"},"modified":"2025-03-18T13:42:48","modified_gmt":"2025-03-18T12:42:48","slug":"masoneilan-svi1000-digital-valve-positioner","status":"publish","type":"product","link":"https:\/\/ats-valves.eu\/hr\/product\/masoneilan-svi1000-digitalni-pozicioner-ventila-2\/","title":{"rendered":"Masoneilan SVi1000 Digitalni pozicioner ventila"},"content":{"rendered":"<p>Masoneilan SVi1000 je intuitivni 4-20 mA digitalni pozicioner ventila opremljen HART\u2122 protokolom, dizajniran posebno za jednoradne pneumatske regulacijske ventile koji koriste utvr\u0111enu tehnologiju magnetskog mjerenja polo\u017eaja.\u00a0<\/p>\n\n\n\n<p><strong>Prednosti&nbsp;<\/strong><\/p>\n\n\n\n<ul class=\"wp-block-list\">\n<li>Pojednostavljeni i ubrzani procesi pu\u0161tanja u rad i pokretanja regulacijskih ventila&nbsp;<\/li>\n\n\n\n<li>Dosljedno i precizno pozicioniranje ventila&nbsp;<\/li>\n\n\n\n<li>Sukladnost s HART 5 ili 7 za lokalnu i daljinsku konfiguraciju i pu\u0161tanje u rad&nbsp;<\/li>\n\n\n\n<li>Kompatibilnost sa \u0161irokim rasponom regulacijskih sustava, ru\u010dnih ure\u0111aja i softvera za upravljanje&nbsp;<\/li>\n\n\n\n<li>Smanjeni broj komponenti zahvaljuju\u0107i integriranoj povratnoj informaciji o polo\u017eaju ventila i grani\u010dnim prekida\u010dima<\/li>\n<\/ul>","protected":false},"featured_media":729,"parent":0,"template":"","meta":{"_acf_changed":true},"product-category":[33],"class_list":["post-723","product","type-product","status-publish","has-post-thumbnail","hentry","product-category-positioners-and-equipment-for-control-valves"],"acf":[],"_links":{"self":[{"href":"https:\/\/ats-valves.eu\/hr\/wp-json\/wp\/v2\/product\/723","targetHints":{"allow":["GET"]}}],"collection":[{"href":"https:\/\/ats-valves.eu\/hr\/wp-json\/wp\/v2\/product"}],"about":[{"href":"https:\/\/ats-valves.eu\/hr\/wp-json\/wp\/v2\/types\/product"}],"wp:featuredmedia":[{"embeddable":true,"href":"https:\/\/ats-valves.eu\/hr\/wp-json\/wp\/v2\/media\/729"}],"wp:attachment":[{"href":"https:\/\/ats-valves.eu\/hr\/wp-json\/wp\/v2\/media?parent=723"}],"wp:term":[{"taxonomy":"product-category","embeddable":true,"href":"https:\/\/ats-valves.eu\/hr\/wp-json\/wp\/v2\/product-category?post=723"}],"curies":[{"name":"wp","href":"https:\/\/api.w.org\/{rel}","templated":true}]}}