{"id":730,"date":"2024-09-13T19:37:00","date_gmt":"2024-09-13T19:37:00","guid":{"rendered":"http:\/\/localhost:8881\/?post_type=product&#038;p=730"},"modified":"2025-03-24T12:03:15","modified_gmt":"2025-03-24T11:03:15","slug":"masoneilan-svi-ii-ap-valve-positioner","status":"publish","type":"product","link":"https:\/\/ats-valves.eu\/hr\/product\/masoneilan-svi-ii-ap-valve-positioner\/","title":{"rendered":"Masoneilan SVI\u2122 II AP napredni digitalni pozicioner ventila (HART) s dodatnim visokim protokom"},"content":{"rendered":"<p>Masoneilan SVI\u2122 II AP (Smart Valve Interface, Advanced Performance) digitalni je pozicioner ventila opremljen 32-bitnim mikroprocesorom. Ima lokalno su\u010delje koje upravlja pneumatskim aktuatorom preko dvo\u017eilnog 4-20mA upravlja\u010dkog signala.<\/p>\n\n\n\n<p>Ovaj ure\u0111aj podr\u017eava dvosmjernu komunikaciju putem HART\u00ae protokola. Njegov univerzalni dizajn olak\u0161ava jednostavnu naknadnu ugradnju za zamjenu postoje\u0107ih analognih pozicionera na Masoneilan i ne-Masoneilan pneumatskim aktuatorima, prilago\u0111avaju\u0107i se i jednoradnim i dvoradnim konfiguracijama.<\/p>","protected":false},"featured_media":726,"parent":0,"template":"","meta":{"_acf_changed":true},"product-category":[33],"class_list":["post-730","product","type-product","status-publish","has-post-thumbnail","hentry","product-category-positioners-and-equipment-for-control-valves"],"acf":[],"_links":{"self":[{"href":"https:\/\/ats-valves.eu\/hr\/wp-json\/wp\/v2\/product\/730","targetHints":{"allow":["GET"]}}],"collection":[{"href":"https:\/\/ats-valves.eu\/hr\/wp-json\/wp\/v2\/product"}],"about":[{"href":"https:\/\/ats-valves.eu\/hr\/wp-json\/wp\/v2\/types\/product"}],"wp:featuredmedia":[{"embeddable":true,"href":"https:\/\/ats-valves.eu\/hr\/wp-json\/wp\/v2\/media\/726"}],"wp:attachment":[{"href":"https:\/\/ats-valves.eu\/hr\/wp-json\/wp\/v2\/media?parent=730"}],"wp:term":[{"taxonomy":"product-category","embeddable":true,"href":"https:\/\/ats-valves.eu\/hr\/wp-json\/wp\/v2\/product-category?post=730"}],"curies":[{"name":"wp","href":"https:\/\/api.w.org\/{rel}","templated":true}]}}