{"id":731,"date":"2024-09-13T19:37:48","date_gmt":"2024-09-13T19:37:48","guid":{"rendered":"http:\/\/localhost:8881\/?post_type=product&#038;p=731"},"modified":"2025-03-13T14:01:07","modified_gmt":"2025-03-13T13:01:07","slug":"masoneilan-svi3-digital-valve-positioner","status":"publish","type":"product","link":"https:\/\/ats-valves.eu\/hr\/product\/masoneilan-svi3-digitalni-pozicioner-ventila\/","title":{"rendered":"Masoneilan SVI3 digitalni pozicioner ventila"},"content":{"rendered":"<p>Masoneilan SVI3 predstavlja korisniku prilago\u0111en digitalni pozicioner ventila dizajniran za pneumatske regulacijske ventile. Koristi sofisticirane regulacijske i dijagnosti\u010dke algoritme, nadopunjene na terenu testiranom beskontaktnom tehnologijom senzora polo\u017eaja, osiguravaju\u0107i preciznu, osjetljivu i pouzdanu izvedbu pozicioniranja.<\/p>\n\n\n\n<p>Pouzdan i precizan:<\/p>\n\n\n\n<ul class=\"wp-block-list\">\n<li>Izgra\u0111en na vi\u0161e od 20 godina iskustva i tisu\u0107ama sati provjerene tehnologije senzora polo\u017eaja ventila, kontrolnih algoritama i naprednog pneumatskog dizajna.<\/li>\n\n\n\n<li>Sposoban za rad u pro\u0161irenom temperaturnom rasponu do -55 stupnjeva Celzijusa.<\/li>\n<\/ul>","protected":false},"featured_media":728,"parent":0,"template":"","meta":{"_acf_changed":false},"product-category":[33],"class_list":["post-731","product","type-product","status-publish","has-post-thumbnail","hentry","product-category-positioners-and-equipment-for-control-valves"],"acf":[],"_links":{"self":[{"href":"https:\/\/ats-valves.eu\/hr\/wp-json\/wp\/v2\/product\/731","targetHints":{"allow":["GET"]}}],"collection":[{"href":"https:\/\/ats-valves.eu\/hr\/wp-json\/wp\/v2\/product"}],"about":[{"href":"https:\/\/ats-valves.eu\/hr\/wp-json\/wp\/v2\/types\/product"}],"wp:featuredmedia":[{"embeddable":true,"href":"https:\/\/ats-valves.eu\/hr\/wp-json\/wp\/v2\/media\/728"}],"wp:attachment":[{"href":"https:\/\/ats-valves.eu\/hr\/wp-json\/wp\/v2\/media?parent=731"}],"wp:term":[{"taxonomy":"product-category","embeddable":true,"href":"https:\/\/ats-valves.eu\/hr\/wp-json\/wp\/v2\/product-category?post=731"}],"curies":[{"name":"wp","href":"https:\/\/api.w.org\/{rel}","templated":true}]}}