{"id":733,"date":"2024-09-13T19:39:55","date_gmt":"2024-09-13T19:39:55","guid":{"rendered":"http:\/\/localhost:8881\/?post_type=product&#038;p=733"},"modified":"2025-03-13T14:06:54","modified_gmt":"2025-03-13T13:06:54","slug":"masoneilan-svi-ii-apn-nuclear-positioner","status":"publish","type":"product","link":"https:\/\/ats-valves.eu\/hr\/product\/masoneilan-svi-ii-apn-nuclear-positioner\/","title":{"rendered":"Masoneilan pozicioner za nuklearnu primjenu SVI\u2122 II APN"},"content":{"rendered":"<p>Masoneilan SVI\u2122 II APN predstavlja pozicioner Advanced Performance opremljen HART\u2122 protokolom, s lokalnim zaslonom i tipkama dizajniranim za jednoradne i dvoradne pneumatske regulacijske ventile. Njegova svestrana i modularna arhitektura, zajedno s pouzdanim beskontaktnim senzorom polo\u017eaja, prilago\u0111ava se \u0161irokom rasponu primjena, pru\u017eaju\u0107i vrhunsku kontrolu ventila upotpunjenu dijagnostikom u stvarnom vremenu.<\/p>","protected":false},"featured_media":1549,"parent":0,"template":"","meta":{"_acf_changed":true},"product-category":[33],"class_list":["post-733","product","type-product","status-publish","has-post-thumbnail","hentry","product-category-positioners-and-equipment-for-control-valves"],"acf":[],"_links":{"self":[{"href":"https:\/\/ats-valves.eu\/hr\/wp-json\/wp\/v2\/product\/733","targetHints":{"allow":["GET"]}}],"collection":[{"href":"https:\/\/ats-valves.eu\/hr\/wp-json\/wp\/v2\/product"}],"about":[{"href":"https:\/\/ats-valves.eu\/hr\/wp-json\/wp\/v2\/types\/product"}],"wp:featuredmedia":[{"embeddable":true,"href":"https:\/\/ats-valves.eu\/hr\/wp-json\/wp\/v2\/media\/1549"}],"wp:attachment":[{"href":"https:\/\/ats-valves.eu\/hr\/wp-json\/wp\/v2\/media?parent=733"}],"wp:term":[{"taxonomy":"product-category","embeddable":true,"href":"https:\/\/ats-valves.eu\/hr\/wp-json\/wp\/v2\/product-category?post=733"}],"curies":[{"name":"wp","href":"https:\/\/api.w.org\/{rel}","templated":true}]}}