{"id":734,"date":"2024-09-13T19:40:43","date_gmt":"2024-09-13T19:40:43","guid":{"rendered":"http:\/\/localhost:8881\/?post_type=product&#038;p=734"},"modified":"2025-03-24T12:04:54","modified_gmt":"2025-03-24T11:04:54","slug":"masoneilan-br200-br400","status":"publish","type":"product","link":"https:\/\/ats-valves.eu\/hr\/product\/becker-ventil-regulator-pilot\/","title":{"rendered":"Masoneilan BR200\/BR400 High Capacity Volume Booster Relays"},"content":{"rendered":"<p>Ure\u0111aji Masoneilan BR200 i BR400 slu\u017ee kao poja\u010diva\u010di volumena velikog kapaciteta dizajnirani za primjene koje zahtijevaju velike brzine hoda s pneumatskim aktuatorima. Pode\u0161avanjem premosnog ventila na poja\u010diva\u010du, stabilne performanse mogu se posti\u0107i u \u0161irokom spektru veli\u010dina aktuatora, \u010dime se pobolj\u0161ava dinami\u010dki odziv.<\/p>\n\n\n\n<p>I model BR200 i BR400 kompatibilni su s dijafragmskim i klipnim aktuatorima.<\/p>","protected":false},"featured_media":1176,"parent":0,"template":"","meta":{"_acf_changed":true},"product-category":[33],"class_list":["post-734","product","type-product","status-publish","has-post-thumbnail","hentry","product-category-positioners-and-equipment-for-control-valves"],"acf":[],"_links":{"self":[{"href":"https:\/\/ats-valves.eu\/hr\/wp-json\/wp\/v2\/product\/734","targetHints":{"allow":["GET"]}}],"collection":[{"href":"https:\/\/ats-valves.eu\/hr\/wp-json\/wp\/v2\/product"}],"about":[{"href":"https:\/\/ats-valves.eu\/hr\/wp-json\/wp\/v2\/types\/product"}],"wp:featuredmedia":[{"embeddable":true,"href":"https:\/\/ats-valves.eu\/hr\/wp-json\/wp\/v2\/media\/1176"}],"wp:attachment":[{"href":"https:\/\/ats-valves.eu\/hr\/wp-json\/wp\/v2\/media?parent=734"}],"wp:term":[{"taxonomy":"product-category","embeddable":true,"href":"https:\/\/ats-valves.eu\/hr\/wp-json\/wp\/v2\/product-category?post=734"}],"curies":[{"name":"wp","href":"https:\/\/api.w.org\/{rel}","templated":true}]}}